{"id":592,"date":"2026-03-17T14:26:13","date_gmt":"2026-03-17T13:26:13","guid":{"rendered":"https:\/\/www.renaudcrols.com\/videos\/"},"modified":"2026-04-02T11:57:03","modified_gmt":"2026-04-02T09:57:03","slug":"videos","status":"publish","type":"page","link":"https:\/\/www.renaudcrols.com\/es\/videos\/","title":{"rendered":"V\u00eddeos"},"content":{"rendered":"<div class=\"et_pb_section_0 et_pb_section et_section_regular et_block_section\"><\/div>\n\n<div class=\"et_pb_section_1 et_pb_section et_section_regular et_block_section\">\n<div class=\"et_pb_row_0 et_pb_row et_block_row preset--module--divi-row--5138c454-be54-4233-bd3b-f8e6a8747976\">\n<div class=\"et_pb_column_0 et_pb_column et_pb_column_4_4 et-last-child et_block_column et_pb_css_mix_blend_mode_passthrough preset--module--divi-column--73121f80-a3ef-4484-8763-c3f18e3c56d2\">\n<div class=\"et_pb_heading_0 et_pb_heading et_pb_module et_block_module preset--module--divi-heading--default\"><div class=\"et_pb_heading_container\"><\/div><\/div>\n\n<div class=\"et_pb_video_slider_0 et_pb_video_slider et_pb_module\"><div class=\"et_pb_slider et_pb_preload et_pb_slider_carousel et_pb_slider_no_pagination et_pb_controls_light\"><div class=\"et_pb_slides\">\n<div class=\"et_pb_video_slider_item_0 et_pb_video_slider_item et_pb_slide et_pb_bg_layout_dark\" data-image=\"\/\/i.ytimg.com\/vi\/hKmY73Hp5Js\/hqdefault.jpg\"><div class=\"et_pb_video_wrap\"><div class=\"et_pb_video_box\"><iframe loading=\"lazy\" title=\"DiJ 2016 HC of DiJ (7 Songs Concert)\" width=\"1080\" height=\"608\" src=\"https:\/\/www.youtube.com\/embed\/hKmY73Hp5Js?feature=oembed\"  allow=\"accelerometer; autoplay; clipboard-write; encrypted-media; gyroscope; picture-in-picture; web-share\" referrerpolicy=\"strict-origin-when-cross-origin\" allowfullscreen><\/iframe><\/div><div class=\"et_pb_video_overlay\" style=\"background-image:url(\/\/i.ytimg.com\/vi\/hKmY73Hp5Js\/hqdefault.jpg)\"><div class=\"et_pb_video_overlay_hover\"><a class=\"et_pb_video_play\" href=\"#\"><\/a><\/div><\/div><\/div><\/div>\n\n<div class=\"et_pb_video_slider_item_1 et_pb_video_slider_item et_pb_slide et_pb_bg_layout_dark\" data-image=\"\/\/i.ytimg.com\/vi\/SJMlDd3z82A\/hqdefault.jpg\"><div class=\"et_pb_video_wrap\"><div class=\"et_pb_video_box\"><iframe loading=\"lazy\" title=\"Django in June 2024 - Les violons de Bruxelles\" width=\"1080\" height=\"608\" src=\"https:\/\/www.youtube.com\/embed\/SJMlDd3z82A?feature=oembed\"  allow=\"accelerometer; autoplay; clipboard-write; encrypted-media; gyroscope; picture-in-picture; web-share\" referrerpolicy=\"strict-origin-when-cross-origin\" allowfullscreen><\/iframe><\/div><div class=\"et_pb_video_overlay\" style=\"background-image:url(\/\/i.ytimg.com\/vi\/SJMlDd3z82A\/hqdefault.jpg)\"><div class=\"et_pb_video_overlay_hover\"><a class=\"et_pb_video_play\" href=\"#\"><\/a><\/div><\/div><\/div><\/div>\n\n<div class=\"et_pb_video_slider_item_2 et_pb_video_slider_item et_pb_slide et_pb_bg_layout_dark\" data-image=\"\/\/i.ytimg.com\/vi\/kI3tGzHiIOE\/hqdefault.jpg\"><div class=\"et_pb_video_wrap\"><div class=\"et_pb_video_box\"><iframe loading=\"lazy\" title=\"Tcha Limberger et les Violons de Bruxelles -  El Tamarindo\" width=\"1080\" height=\"608\" src=\"https:\/\/www.youtube.com\/embed\/kI3tGzHiIOE?feature=oembed\"  allow=\"accelerometer; autoplay; clipboard-write; encrypted-media; gyroscope; picture-in-picture; web-share\" referrerpolicy=\"strict-origin-when-cross-origin\" allowfullscreen><\/iframe><\/div><div class=\"et_pb_video_overlay\" style=\"background-image:url(\/\/i.ytimg.com\/vi\/kI3tGzHiIOE\/hqdefault.jpg)\"><div class=\"et_pb_video_overlay_hover\"><a class=\"et_pb_video_play\" href=\"#\"><\/a><\/div><\/div><\/div><\/div>\n\n<div class=\"et_pb_video_slider_item_3 et_pb_video_slider_item et_pb_slide et_pb_bg_layout_dark\" data-image=\"\/\/i.ytimg.com\/vi\/NPU7oYPXsA0\/hqdefault.jpg\"><div class=\"et_pb_video_wrap\"><div class=\"et_pb_video_box\"><iframe loading=\"lazy\" title=\"SITARDUST - &quot;17 Provinces&quot; Live @ Muziekpublique\" width=\"1080\" height=\"608\" src=\"https:\/\/www.youtube.com\/embed\/NPU7oYPXsA0?feature=oembed\"  allow=\"accelerometer; autoplay; clipboard-write; encrypted-media; gyroscope; picture-in-picture; web-share\" referrerpolicy=\"strict-origin-when-cross-origin\" allowfullscreen><\/iframe><\/div><div class=\"et_pb_video_overlay\" style=\"background-image:url(\/\/i.ytimg.com\/vi\/NPU7oYPXsA0\/hqdefault.jpg)\"><div class=\"et_pb_video_overlay_hover\"><a class=\"et_pb_video_play\" href=\"#\"><\/a><\/div><\/div><\/div><\/div>\n\n<div class=\"et_pb_video_slider_item_4 et_pb_video_slider_item et_pb_slide et_pb_bg_layout_dark\" data-image=\"\/\/i.ytimg.com\/vi\/mFDoSGHkuAM\/hqdefault.jpg\"><div class=\"et_pb_video_wrap\"><div class=\"et_pb_video_box\"><iframe loading=\"lazy\" title=\"Jimmy Sax - Mr Lonely  (feat Renaud Crols)\" width=\"1080\" height=\"608\" src=\"https:\/\/www.youtube.com\/embed\/mFDoSGHkuAM?feature=oembed\"  allow=\"accelerometer; autoplay; clipboard-write; encrypted-media; gyroscope; picture-in-picture; web-share\" referrerpolicy=\"strict-origin-when-cross-origin\" allowfullscreen><\/iframe><\/div><div class=\"et_pb_video_overlay\" style=\"background-image:url(\/\/i.ytimg.com\/vi\/mFDoSGHkuAM\/hqdefault.jpg)\"><div class=\"et_pb_video_overlay_hover\"><a class=\"et_pb_video_play\" href=\"#\"><\/a><\/div><\/div><\/div><\/div>\n\n<div class=\"et_pb_video_slider_item_5 et_pb_video_slider_item et_pb_slide et_pb_bg_layout_dark\" data-image=\"\/\/i.ytimg.com\/vi\/M9Qci1zcpUI\/hqdefault.jpg\"><div class=\"et_pb_video_wrap\"><div class=\"et_pb_video_box\"><iframe loading=\"lazy\" title=\"Renaud Crols akdt 2012 Flamenco\" width=\"1080\" height=\"810\" src=\"https:\/\/www.youtube.com\/embed\/M9Qci1zcpUI?feature=oembed\"  allow=\"accelerometer; autoplay; clipboard-write; encrypted-media; gyroscope; picture-in-picture; web-share\" referrerpolicy=\"strict-origin-when-cross-origin\" allowfullscreen><\/iframe><\/div><div class=\"et_pb_video_overlay\" style=\"background-image:url(\/\/i.ytimg.com\/vi\/M9Qci1zcpUI\/hqdefault.jpg)\"><div class=\"et_pb_video_overlay_hover\"><a class=\"et_pb_video_play\" href=\"#\"><\/a><\/div><\/div><\/div><\/div>\n<\/div><\/div><\/div>\n<\/div>\n<\/div>\n<\/div>\n\n<div class=\"et_pb_section_2 et_pb_section et_section_regular et_block_section\">\n<div class=\"et_pb_row_1 et_pb_row et_block_row preset--module--divi-row--5138c454-be54-4233-bd3b-f8e6a8747976\">\n<div class=\"et_pb_column_1 et_pb_column et_pb_column_3_5 et_block_column et_pb_css_mix_blend_mode_passthrough preset--module--divi-column--73121f80-a3ef-4484-8763-c3f18e3c56d2\">\n<div class=\"et_pb_heading_1 et_pb_heading et_pb_module et_block_module preset--module--divi-heading--default\"><div class=\"et_pb_heading_container\"><h2 class=\"et_pb_module_header\">Reserve a Renaud Crols para su evento<\/h2><\/div><\/div>\n\n<div class=\"et_pb_text_0 et_pb_text et_pb_bg_layout_light et_pb_module et_block_module preset--module--divi-text--0504de1e-f5ff-4281-ba60-cbbe4edf98bc\"><div class=\"et_pb_text_inner\"><p>Transforme su evento en una experiencia inolvidable gracias a las cautivadoras actuaciones de Renaud. Ya sea un concierto, una boda, un evento corporativo o una fiesta privada, su talento musical dejar\u00e1 una impresi\u00f3n duradera en sus invitados.<\/p>\n<\/div><\/div>\n\n<div class=\"et_pb_module et_pb_button_module_wrapper et_pb_button_0_wrapper preset--module--divi-button--ab15fb74-61a3-43aa-96b3-41e09aeef654_wrapper\"><a class=\"et_pb_button_0 et_pb_button et_pb_bg_layout_light et_pb_module et_block_module preset--module--divi-button--ab15fb74-61a3-43aa-96b3-41e09aeef654\" href=\"https:\/\/www.renaudcrols.com\/contact\/\" target=\"_blank\">Contactar con Renaud<\/a><\/div>\n<\/div>\n\n<div class=\"et_pb_column_2 et_pb_column et_pb_column_2_5 et-last-child et_block_column et_pb_css_mix_blend_mode_passthrough preset--module--divi-column--73121f80-a3ef-4484-8763-c3f18e3c56d2\">\n<div class=\"et_pb_image_0 et_pb_image et_pb_module et_block_module preset--module--divi-image--6ed8fd5c-62c5-4100-98c3-7b8b6d2c2ee6\"><span class=\"et_pb_image_wrap\"><img loading=\"lazy\" decoding=\"async\" src=\"https:\/\/www.renaudcrols.com\/wp-content\/uploads\/2026\/03\/Untitled.jpg\" title=\"Sin t\u00edtulo\" width=\"719\" height=\"480\" srcset=\"https:\/\/www.renaudcrols.com\/wp-content\/uploads\/2026\/03\/Untitled.jpg 719w, https:\/\/www.renaudcrols.com\/wp-content\/uploads\/2026\/03\/Untitled-480x320.jpg 480w\" sizes=\"(min-width: 0px) and (max-width: 480px) 480px, (min-width: 481px) 719px, 100vw\" class=\"wp-image-175\" \/><\/span><\/div>\n<\/div>\n<\/div>\n<\/div>\n\n<div class=\"et_pb_section_3 et_pb_section et_section_regular et_block_section\">\n<div class=\"et_pb_row_2 et_pb_row et_block_row preset--module--divi-row--048d8e79-b07f-439b-bd57-f41c14f0a56b\">\n<div class=\"et_pb_column_3 et_pb_column et_pb_column_4_4 et-last-child et_block_column et_pb_css_mix_blend_mode_passthrough preset--module--divi-column--73121f80-a3ef-4484-8763-c3f18e3c56d2\">\n<div class=\"et_pb_heading_2 et_pb_heading et_pb_module et_block_module preset--module--divi-heading--default\"><div class=\"et_pb_heading_container\"><h2 class=\"et_pb_module_header\">Contacto<\/h2><\/div><\/div>\n\n<div class=\"et_pb_text_1 et_pb_text et_pb_bg_layout_light et_pb_module et_block_module et_pb_text_align_center preset--module--divi-text--default\"><div class=\"et_pb_text_inner\"><p>Para cualquier consulta sobre reservas, rellene el formulario de contacto a continuaci\u00f3n o utilice mis datos de contacto m\u00e1s abajo.<\/p>\n<\/div><\/div>\n\n<div class=\"et_pb_contact_form_0 et_pb_contact_form_container clearfix et_pb_module et_flex_module preset--module--divi-contact-form--347de7c5-8eec-4fb2-89ad-e07c220a4ead\" data-form_unique_num=\"0\" data-form_unique_id=\"074d143b-821f-485d-9790-dcfd2e7fc4c6\" id=\"et_pb_contact_form_074d143b-821f-485d-9790-dcfd2e7fc4c6\"><div class=\"et-pb-contact-message\"><\/div><div class=\"et_pb_contact\"><form class=\"et_pb_contact_form et_flex_module\" method=\"post\" action=\"https:\/\/www.renaudcrols.com\/es\/wp-json\/wp\/v2\/pages\/592\">\n<div class=\"et_pb_contact_field_0 et_pb_contact_field et_pb_module et_flex_module et_flex_column_24_24 et_flex_column_24_24_phone\" data-id=\"name\" data-type=\"input\"><label class=\"et_pb_contact_form_label\" for=\"et_pb_contact_0_name_0\">Nombre*<\/label><input type=\"text\" name=\"et_pb_contact_0_name_0\" id=\"et_pb_contact_0_name_0\" class=\"input\" data-required_mark=\"required\" data-field_type=\"input\" data-original_id=\"name\" placeholder=\"Nombre*\" title=\"\" value=\"\" \/><\/div>\n\n<div class=\"et_pb_contact_field_1 et_pb_contact_field et_pb_module et_flex_module et_flex_column_24_24 et_flex_column_24_24_phone\" data-id=\"email\" data-type=\"email\"><label class=\"et_pb_contact_form_label\" for=\"et_pb_contact_0_email_1\">Direcci\u00f3n de correo electr\u00f3nico*<\/label><input type=\"text\" name=\"et_pb_contact_0_email_1\" id=\"et_pb_contact_0_email_1\" class=\"input\" data-required_mark=\"required\" data-field_type=\"email\" data-original_id=\"email\" placeholder=\"Direcci\u00f3n de correo electr\u00f3nico*\" title=\"\" value=\"\" \/><\/div>\n\n<div class=\"et_pb_contact_field_2 et_pb_contact_field et_pb_module et_flex_module et_flex_column_24_24 et_flex_column_24_24_phone\" data-id=\"phone\" data-type=\"input\"><label class=\"et_pb_contact_form_label\" for=\"et_pb_contact_0_phone_2\">N\u00famero de tel\u00e9fono<\/label><input type=\"text\" name=\"et_pb_contact_0_phone_2\" id=\"et_pb_contact_0_phone_2\" class=\"input\" data-required_mark=\"not_required\" data-field_type=\"input\" data-original_id=\"phone\" placeholder=\"N\u00famero de tel\u00e9fono\" pattern=\".{10,}\" title=\"Longitud m\u00ednima: 10 caracteres. \" value=\"\" \/><\/div>\n\n<div class=\"et_pb_contact_field_3 et_pb_contact_field et_pb_module et_flex_module et_flex_column_24_24 et_flex_column_24_24_phone\" data-id=\"message\" data-type=\"text\"><label class=\"et_pb_contact_form_label\" for=\"et_pb_contact_0_message_3\">Mensaje*<\/label><textarea name=\"et_pb_contact_0_message_3\" id=\"et_pb_contact_0_message_3\" class=\"et_pb_contact_message input\" data-required_mark=\"required\" data-field_type=\"text\" data-original_id=\"message\" placeholder=\"Mensaje*\"><\/textarea><\/div>\n\n<div class=\"et_pb_text_2 et_pb_text et_pb_bg_layout_light et_pb_module et_flex_module preset--module--divi-text--default\"><div class=\"et_pb_text_inner\"><h5 class=\"et_pb_module_header\" data-et-vb-editable-element=\"true\" contenteditable=\"true\"><span style=\"font-size: small; font-family: 'Aref Ruqaa Ink'; font-weight: normal;\">*Campos obligatorios<\/span><\/h5>\n<\/div><\/div>\n<input type=\"hidden\" name=\"et_pb_contactform_submit_074d143b-821f-485d-9790-dcfd2e7fc4c6\" value=\"et_contact_proccess\" \/><div class=\"et_contact_bottom_container\"><div class=\"et_pb_contact_right et_pb_contact_field\"><p class=\"clearfix\"><span class=\"et_pb_contact_captcha_question\">8 + 12<\/span> = <input type=\"text\" size=\"2\" class=\"input et_pb_contact_captcha\" data-first_digit=\"8\" data-second_digit=\"12\" data-required_mark=\"required\" name=\"et_pb_contact_captcha_074d143b-821f-485d-9790-dcfd2e7fc4c6\" autocomplete=\"off\" \/><\/p><\/div><div class=\"et_pb_button_wrapper\"><button type=\"submit\" name=\"et_builder_submit_button\" class=\"et_pb_button et_pb_contact_submit\">Env\u00edo<\/button><\/div><\/div><input type=\"hidden\" id=\"_wpnonce-et-pb-contact-form-submitted-074d143b-821f-485d-9790-dcfd2e7fc4c6\" name=\"_wpnonce-et-pb-contact-form-submitted-074d143b-821f-485d-9790-dcfd2e7fc4c6\" value=\"14e211944b\" \/><input type=\"hidden\" name=\"_wp_http_referer\" value=\"\/es\/wp-json\/wp\/v2\/pages\/592\" \/><\/form><\/div><\/div>\n\n<div class=\"et_pb_text_3 et_pb_text et_pb_bg_layout_light et_pb_module et_block_module ai_ignore_all preset--module--divi-text--default\"><div class=\"et_pb_text_inner\"><p>Renaud Crols Music<\/p>\n<\/div><\/div>\n\n<ul class=\"et_pb_social_media_follow_0 et_pb_social_media_follow clearfix et_pb_bg_layout_light et_pb_text_align_center et_pb_module et_block_module preset--module--divi-social-media-follow--e9882b0e-291f-4df4-a33a-fa2ec5e42c4a\">\n<li class=\"et_pb_social_media_follow_network_0 et_pb_social_media_follow_network et_pb_social_icon et_pb_social_network_link et-social-facebook et_pb_module et_flex_module preset--module--divi-social-media-follow-network--7157d47b-1430-4c96-a27f-da782814b26a\"><a href=\"https:\/\/www.facebook.com\/renaudcrols\" class=\"icon\" target=\"_self\" title=\"Seguir en Follow Us On Facebook\" rel=\"noopener\"><span class=\"et_pb_social_media_follow_network_name\">Seguir<\/span><\/a><\/li>\n\n<li class=\"et_pb_social_media_follow_network_1 et_pb_social_media_follow_network et_pb_social_icon et_pb_social_network_link et-social-instagram et_pb_module et_flex_module preset--module--divi-social-media-follow-network--7157d47b-1430-4c96-a27f-da782814b26a\"><a href=\"https:\/\/www.instagram.com\/renaudcrols\/\" class=\"icon\" target=\"_self\" title=\"Seguir en See Our Latest On Instagram\" rel=\"noopener\"><span class=\"et_pb_social_media_follow_network_name\">Seguir<\/span><\/a><\/li>\n<\/ul>\n<\/div>\n<\/div>\n<\/div>\n\n<div class=\"et_pb_section_4 et_pb_section et_section_regular et_block_section\">\n<div class=\"et_pb_row_3 et_pb_row et_block_row preset--module--divi-row--5138c454-be54-4233-bd3b-f8e6a8747976\">\n<div class=\"et_pb_column_4 et_pb_column et_pb_column_1_2 et_block_column et_pb_css_mix_blend_mode_passthrough preset--module--divi-column--73121f80-a3ef-4484-8763-c3f18e3c56d2\">\n<div class=\"et_pb_heading_3 et_pb_heading et_pb_module et_block_module preset--module--divi-heading--default\"><div class=\"et_pb_heading_container\"><h2 class=\"et_pb_module_header\">Mant\u00e9ngase Informado<\/h2><\/div><\/div>\n\n<div class=\"et_pb_text_4 et_pb_text et_pb_bg_layout_light et_pb_module et_block_module preset--module--divi-text--0504de1e-f5ff-4281-ba60-cbbe4edf98bc\"><div class=\"et_pb_text_inner\"><p>Suscr\u00edbase a mi bolet\u00edn para recibir las \u00faltimas noticias sobre conciertos y eventos pr\u00f3ximos.<\/p>\n<\/div><\/div>\n\n<div class=\"et_pb_signup_0 et_pb_signup et_pb_newsletter et_pb_subscribe et_pb_no_bg et_pb_newsletter_description_no_title et_pb_newsletter_description_no_content et_pb_bg_layout_dark et_pb_module et_flex_module preset--module--divi-signup--9eb953e9-ab90-4e8c-b6ac-9daa4b421b28\"><div class=\"et_pb_newsletter_description et_multi_view_hidden\"><\/div><div class=\"et_pb_newsletter_form\"><form method=\"post\" class=\"\"><div class=\"et_pb_newsletter_result et_pb_newsletter_error\"><\/div><div class=\"et_pb_newsletter_result et_pb_newsletter_success\"><h2>\u00a1\u00c9xito! \u00a1Su direcci\u00f3n de correo electr\u00f3nico se ha a\u00f1adido correctamente a mi lista! <\/h2><\/div><div class=\"et_pb_newsletter_fields et_flex_module\"><p class=\"et_pb_newsletter_field et_pb_contact_field_last et_pb_contact_field_last_tablet et_pb_contact_field_last_phone\"><label class=\"et_pb_contact_form_label\" for=\"et_pb_signup_firstname\" style=\"display: none;\">Nombre<\/label><input class=\"input\" id=\"et_pb_signup_firstname\" type=\"text\" placeholder=\"Nombre\" name=\"et_pb_signup_firstname\" \/><\/p><p class=\"et_pb_newsletter_field et_pb_contact_field_last et_pb_contact_field_last_tablet et_pb_contact_field_last_phone\"><label class=\"et_pb_contact_form_label\" for=\"et_pb_signup_lastname\" style=\"display: none;\">Apellidos<\/label><input class=\"input\" id=\"et_pb_signup_lastname\" type=\"text\" placeholder=\"Apellidos\" name=\"et_pb_signup_lastname\" \/><\/p><p class=\"et_pb_newsletter_field et_pb_contact_field_last et_pb_contact_field_last_tablet et_pb_contact_field_last_phone\"><label class=\"et_pb_contact_form_label\" for=\"et_pb_signup_email\" style=\"display: none;\">Correo Electr\u00f3nico<\/label><input class=\"input\" id=\"et_pb_signup_email\" type=\"text\" placeholder=\"Correo Electr\u00f3nico\" name=\"et_pb_signup_email\" \/><\/p><p class=\"et_pb_newsletter_button_wrap\"><a class=\"et_pb_button et_pb_newsletter_button\" href=\"#\"><span class=\"et_subscribe_loader\"><\/span><span class=\"et_pb_newsletter_button_text\">Suscribirse<\/span><\/a><\/p><\/div><input type=\"hidden\" name=\"et_pb_signup_provider\" value=\"mailerlite\" \/><input type=\"hidden\" name=\"et_pb_signup_list_id\" value=\"182489985802306915\" \/><input type=\"hidden\" name=\"et_pb_signup_account_name\" value=\"Gens inscrits\" \/><input type=\"hidden\" name=\"et_pb_signup_ip_address\" value=\"true\" \/><input type=\"hidden\" name=\"et_pb_signup_checksum\" value=\"507a5c594b346c2acd5a680c5fc9bfe5\" \/><\/form><\/div><\/div>\n<\/div>\n\n<div class=\"et_pb_column_5 et_pb_column et_pb_column_1_2 et-last-child et_block_column et_pb_css_mix_blend_mode_passthrough preset--module--divi-column--73121f80-a3ef-4484-8763-c3f18e3c56d2\">\n<div class=\"et_pb_heading_4 et_pb_heading et_pb_module et_block_module preset--module--divi-heading--8c21dae4-c59d-4c2b-958c-0e045c7f06d6\"><div class=\"et_pb_heading_container\"><h4 class=\"et_pb_module_header\">S\u00edgame en las redes sociales<\/h4><\/div><\/div>\n\n<ul class=\"et_pb_social_media_follow_1 et_pb_social_media_follow clearfix et_pb_bg_layout_light et_pb_module et_block_module preset--module--divi-social-media-follow--e9882b0e-291f-4df4-a33a-fa2ec5e42c4a\">\n<li class=\"et_pb_social_media_follow_network_2 et_pb_social_media_follow_network et_pb_social_icon et_pb_social_network_link et-social-facebook et_pb_module et_flex_module preset--module--divi-social-media-follow-network--7157d47b-1430-4c96-a27f-da782814b26a\"><a href=\"https:\/\/www.facebook.com\/renaudcrols\" class=\"icon\" target=\"_self\" title=\"Seguir en Facebook\" rel=\"noopener\"><span class=\"et_pb_social_media_follow_network_name\">Seguir<\/span><\/a><\/li>\n\n<li class=\"et_pb_social_media_follow_network_3 et_pb_social_media_follow_network et_pb_social_icon et_pb_social_network_link et-social-instagram et_pb_module et_flex_module\"><a href=\"https:\/\/www.instagram.com\/renaudcrols\/\" class=\"icon\" target=\"_self\" title=\"Seguir en Instagram\" rel=\"noopener\"><span class=\"et_pb_social_media_follow_network_name\">Seguir<\/span><\/a><\/li>\n<\/ul>\n<\/div>\n<\/div>\n<\/div>","protected":false},"excerpt":{"rendered":"","protected":false},"author":1,"featured_media":0,"parent":0,"menu_order":0,"comment_status":"closed","ping_status":"closed","template":"","meta":{"footnotes":""},"class_list":["post-592","page","type-page","status-publish","hentry"],"_links":{"self":[{"href":"https:\/\/www.renaudcrols.com\/es\/wp-json\/wp\/v2\/pages\/592","targetHints":{"allow":["GET"]}}],"collection":[{"href":"https:\/\/www.renaudcrols.com\/es\/wp-json\/wp\/v2\/pages"}],"about":[{"href":"https:\/\/www.renaudcrols.com\/es\/wp-json\/wp\/v2\/types\/page"}],"author":[{"embeddable":true,"href":"https:\/\/www.renaudcrols.com\/es\/wp-json\/wp\/v2\/users\/1"}],"replies":[{"embeddable":true,"href":"https:\/\/www.renaudcrols.com\/es\/wp-json\/wp\/v2\/comments?post=592"}],"version-history":[{"count":4,"href":"https:\/\/www.renaudcrols.com\/es\/wp-json\/wp\/v2\/pages\/592\/revisions"}],"predecessor-version":[{"id":1018,"href":"https:\/\/www.renaudcrols.com\/es\/wp-json\/wp\/v2\/pages\/592\/revisions\/1018"}],"wp:attachment":[{"href":"https:\/\/www.renaudcrols.com\/es\/wp-json\/wp\/v2\/media?parent=592"}],"curies":[{"name":"wp","href":"https:\/\/api.w.org\/{rel}","templated":true}]}}