{"id":598,"date":"2026-03-17T14:26:13","date_gmt":"2026-03-17T13:26:13","guid":{"rendered":"https:\/\/www.renaudcrols.com\/eventos\/"},"modified":"2026-04-15T12:39:46","modified_gmt":"2026-04-15T10:39:46","slug":"eventos","status":"publish","type":"page","link":"https:\/\/www.renaudcrols.com\/es\/eventos\/","title":{"rendered":"Eventos"},"content":{"rendered":"<div class=\"et_pb_section_0 et_pb_section et_section_regular et_block_section\">\n<div class=\"et_pb_row_0 et_pb_row et_pb_row_3-4_1-4 et_block_row et_block_row_3-4_1-4 preset--module--divi-row--5138c454-be54-4233-bd3b-f8e6a8747976\">\n<div class=\"et_pb_column_0 et_pb_column et_pb_column_3_4 et_block_column et_pb_css_mix_blend_mode_passthrough preset--module--divi-column--73121f80-a3ef-4484-8763-c3f18e3c56d2\">\n<div class=\"et_pb_heading_0 et_pb_heading et_pb_module et_block_module preset--module--divi-heading--ddeb8c09-9078-4424-bc15-2efb6572e28e\"><div class=\"et_pb_heading_container\"><h1 class=\"et_pb_module_header\" data-et-mv-hidden-phone=\"true\">Conciertos y Actuaciones Pr\u00f3ximas<\/h1><\/div><\/div>\n<\/div>\n\n<div class=\"et_pb_column_1 et_pb_column et_pb_column_1_4 et-last-child et_block_column et_pb_column_empty et_pb_css_mix_blend_mode_passthrough preset--module--divi-column--73121f80-a3ef-4484-8763-c3f18e3c56d2\"><\/div>\n<\/div>\n<\/div>\n\n<div class=\"et_pb_section_1 et_pb_section et_section_regular et_block_section\">\n<div class=\"et_pb_row_1 et_pb_row et_pb_row_1-4_3-4 et_block_row et_block_row_1-4_3-4 preset--module--divi-row--048d8e79-b07f-439b-bd57-f41c14f0a56b\">\n<div class=\"et_pb_column_2 et_pb_column et_pb_column_1_4 et_block_column et_pb_css_mix_blend_mode_passthrough\">\n<div class=\"et_pb_heading_1 et_pb_heading et_pb_module et_block_module ai_ignore_all preset--module--divi-heading--ddeb8c09-9078-4424-bc15-2efb6572e28e\"><div class=\"et_pb_heading_container\"><h2 class=\"et_pb_module_header\">4<\/h2><\/div><\/div>\n\n<div class=\"et_pb_heading_2 et_pb_heading et_pb_module et_block_module ai_ignore_all preset--module--divi-heading--f0c675ea-2574-4d0e-b725-30f8550a8550\"><div class=\"et_pb_heading_container\"><h4 class=\"et_pb_module_header\">Abril<\/h4><\/div><\/div>\n<\/div>\n\n<div class=\"et_pb_column_3 et_pb_column et_pb_column_3_4 et-last-child et_block_column et_pb_css_mix_blend_mode_passthrough\">\n<div class=\"et_pb_heading_3 et_pb_heading et_pb_module et_block_module preset--module--divi-heading--ba4a6336-701f-47b8-bf5c-09da0ce28016\"><div class=\"et_pb_heading_container\"><h3 class=\"et_pb_module_header\">\"Les mots qu'on chante\" en Knokke<\/h3><\/div><\/div>\n\n<div class=\"et_pb_heading_4 et_pb_heading et_pb_module et_block_module ai_ignore_all preset--module--divi-heading--e8a6df2b-53a6-4b58-8bda-5426d033ba1a\"><div class=\"et_pb_heading_container\"><h6 class=\"et_pb_module_header\">20:00<\/h6><\/div><\/div>\n\n<div class=\"et_pb_text_0 et_pb_text et_pb_bg_layout_light et_pb_module et_block_module preset--module--divi-text--default\"><div class=\"et_pb_text_inner\"><p>Espect\u00e1culo en torno a la canci\u00f3n francesa con Carmela Giusto.<\/p>\n<p><a href=\"https:\/\/www.zclub.be\/events\/soiree-spectacle-chanson-cabaret\" target=\"_blank\" rel=\"noopener\">https:\/\/www.zclub.be\/events\/soiree-spectacle-chanson-cabaret<\/a><\/p>\n<\/div><\/div>\n<\/div>\n<\/div>\n\n<div class=\"et_pb_row_2 et_pb_row et_pb_row_1-4_3-4 et_block_row et_block_row_1-4_3-4 preset--module--divi-row--048d8e79-b07f-439b-bd57-f41c14f0a56b\">\n<div class=\"et_pb_column_4 et_pb_column et_pb_column_1_4 et_block_column et_pb_css_mix_blend_mode_passthrough\">\n<div class=\"et_pb_heading_5 et_pb_heading et_pb_module et_block_module ai_ignore_all preset--module--divi-heading--ddeb8c09-9078-4424-bc15-2efb6572e28e\"><div class=\"et_pb_heading_container\"><h2 class=\"et_pb_module_header\">16<\/h2><\/div><\/div>\n\n<div class=\"et_pb_heading_6 et_pb_heading et_pb_module et_block_module ai_ignore_all preset--module--divi-heading--f0c675ea-2574-4d0e-b725-30f8550a8550\"><div class=\"et_pb_heading_container\"><h4 class=\"et_pb_module_header\">Abril<\/h4><\/div><\/div>\n<\/div>\n\n<div class=\"et_pb_column_5 et_pb_column et_pb_column_3_4 et-last-child et_block_column et_pb_css_mix_blend_mode_passthrough\">\n<div class=\"et_pb_heading_7 et_pb_heading et_pb_module et_block_module preset--module--divi-heading--ba4a6336-701f-47b8-bf5c-09da0ce28016\"><div class=\"et_pb_heading_container\"><h3 class=\"et_pb_module_header\">D\u00fao con Tcha Limberger<\/h3><\/div><\/div>\n\n<div class=\"et_pb_heading_8 et_pb_heading et_pb_module et_block_module ai_ignore_all preset--module--divi-heading--e8a6df2b-53a6-4b58-8bda-5426d033ba1a\"><div class=\"et_pb_heading_container\"><h6 class=\"et_pb_module_header\">20:00<\/h6><\/div><\/div>\n\n<div class=\"et_pb_text_1 et_pb_text et_pb_bg_layout_light et_pb_module et_block_module preset--module--divi-text--default\"><div class=\"et_pb_text_inner\"><p>En la yurta de Collines de Babel en La Hulpe.<\/p>\n<p><a href=\"https:\/\/urls.fr\/Dw5Nq6\" target=\"_blank\" rel=\"noopener\">Evento de Facebook<\/a><\/p>\n<\/div><\/div>\n<\/div>\n<\/div>\n\n<div class=\"et_pb_row_3 et_pb_row et_pb_row_1-4_3-4 et_block_row et_block_row_1-4_3-4 preset--module--divi-row--048d8e79-b07f-439b-bd57-f41c14f0a56b\">\n<div class=\"et_pb_column_6 et_pb_column et_pb_column_1_4 et_block_column et_pb_css_mix_blend_mode_passthrough\">\n<div class=\"et_pb_heading_9 et_pb_heading et_pb_module et_block_module ai_ignore_all preset--module--divi-heading--ddeb8c09-9078-4424-bc15-2efb6572e28e\"><div class=\"et_pb_heading_container\"><h2 class=\"et_pb_module_header\">17<\/h2><\/div><\/div>\n\n<div class=\"et_pb_heading_10 et_pb_heading et_pb_module et_block_module ai_ignore_all preset--module--divi-heading--f0c675ea-2574-4d0e-b725-30f8550a8550\"><div class=\"et_pb_heading_container\"><h4 class=\"et_pb_module_header\">Abril<\/h4><\/div><\/div>\n<\/div>\n\n<div class=\"et_pb_column_7 et_pb_column et_pb_column_3_4 et-last-child et_block_column et_pb_css_mix_blend_mode_passthrough\">\n<div class=\"et_pb_heading_11 et_pb_heading et_pb_module et_block_module preset--module--divi-heading--ba4a6336-701f-47b8-bf5c-09da0ce28016\"><div class=\"et_pb_heading_container\"><h3 class=\"et_pb_module_header\">Concierto con Les Violons de Bruxelles<\/h3><\/div><\/div>\n\n<div class=\"et_pb_heading_12 et_pb_heading et_pb_module et_block_module ai_ignore_all preset--module--divi-heading--e8a6df2b-53a6-4b58-8bda-5426d033ba1a\"><div class=\"et_pb_heading_container\"><h6 class=\"et_pb_module_header\">20:00<\/h6><\/div><\/div>\n\n<div class=\"et_pb_text_2 et_pb_text et_pb_bg_layout_light et_pb_module et_block_module preset--module--divi-text--default\"><div class=\"et_pb_text_inner\"><p><a href=\"https:\/\/urls.fr\/l2uV7C\" target=\"_blank\" rel=\"noopener\">CC Het Spoor Harelbeke<\/a><\/p>\n<\/div><\/div>\n<\/div>\n<\/div>\n\n<div class=\"et_pb_row_4 et_pb_row et_pb_row_1-4_3-4 et_block_row et_block_row_1-4_3-4 preset--module--divi-row--048d8e79-b07f-439b-bd57-f41c14f0a56b\">\n<div class=\"et_pb_column_8 et_pb_column et_pb_column_1_4 et_block_column et_pb_css_mix_blend_mode_passthrough\">\n<div class=\"et_pb_heading_13 et_pb_heading et_pb_module et_block_module ai_ignore_all preset--module--divi-heading--ddeb8c09-9078-4424-bc15-2efb6572e28e\"><div class=\"et_pb_heading_container\"><h2 class=\"et_pb_module_header\">18<\/h2><\/div><\/div>\n\n<div class=\"et_pb_heading_14 et_pb_heading et_pb_module et_block_module ai_ignore_all preset--module--divi-heading--f0c675ea-2574-4d0e-b725-30f8550a8550\"><div class=\"et_pb_heading_container\"><h4 class=\"et_pb_module_header\">Abril<\/h4><\/div><\/div>\n<\/div>\n\n<div class=\"et_pb_column_9 et_pb_column et_pb_column_3_4 et-last-child et_block_column et_pb_css_mix_blend_mode_passthrough\">\n<div class=\"et_pb_heading_15 et_pb_heading et_pb_module et_block_module preset--module--divi-heading--ba4a6336-701f-47b8-bf5c-09da0ce28016\"><div class=\"et_pb_heading_container\"><h3 class=\"et_pb_module_header\">Concierto con Les Violons de Bruxelles<\/h3><\/div><\/div>\n\n<div class=\"et_pb_heading_16 et_pb_heading et_pb_module et_block_module ai_ignore_all preset--module--divi-heading--e8a6df2b-53a6-4b58-8bda-5426d033ba1a\"><div class=\"et_pb_heading_container\"><h6 class=\"et_pb_module_header\">20:00<\/h6><\/div><\/div>\n\n<div class=\"et_pb_text_3 et_pb_text et_pb_bg_layout_light et_pb_module et_block_module preset--module--divi-text--default\"><div class=\"et_pb_text_inner\"><p><a href=\"https:\/\/www.muziekcentrumdranouter.be\/nl\/concert\/2026-04-18\/tcha-limberger-les-violons-de-bruxelles\" target=\"_blank\" rel=\"noopener\">Dranouter MuziekCentrum<\/a><\/p>\n<\/div><\/div>\n<\/div>\n<\/div>\n\n<div class=\"et_pb_row_5 et_pb_row et_pb_row_1-4_3-4 et_block_row et_block_row_1-4_3-4 preset--module--divi-row--048d8e79-b07f-439b-bd57-f41c14f0a56b\">\n<div class=\"et_pb_column_10 et_pb_column et_pb_column_1_4 et_block_column et_pb_css_mix_blend_mode_passthrough\">\n<div class=\"et_pb_heading_17 et_pb_heading et_pb_module et_block_module ai_ignore_all preset--module--divi-heading--ddeb8c09-9078-4424-bc15-2efb6572e28e\"><div class=\"et_pb_heading_container\"><h2 class=\"et_pb_module_header\">19<\/h2><\/div><\/div>\n\n<div class=\"et_pb_heading_18 et_pb_heading et_pb_module et_block_module ai_ignore_all preset--module--divi-heading--f0c675ea-2574-4d0e-b725-30f8550a8550\"><div class=\"et_pb_heading_container\"><h4 class=\"et_pb_module_header\">Abril<\/h4><\/div><\/div>\n<\/div>\n\n<div class=\"et_pb_column_11 et_pb_column et_pb_column_3_4 et-last-child et_block_column et_pb_css_mix_blend_mode_passthrough\">\n<div class=\"et_pb_heading_19 et_pb_heading et_pb_module et_block_module preset--module--divi-heading--ba4a6336-701f-47b8-bf5c-09da0ce28016\"><div class=\"et_pb_heading_container\"><h3 class=\"et_pb_module_header\">Concierto con Les Violons de Bruxelles<\/h3><\/div><\/div>\n\n<div class=\"et_pb_heading_20 et_pb_heading et_pb_module et_block_module ai_ignore_all preset--module--divi-heading--e8a6df2b-53a6-4b58-8bda-5426d033ba1a\"><div class=\"et_pb_heading_container\"><h6 class=\"et_pb_module_header\">17:00<\/h6><\/div><\/div>\n\n<div class=\"et_pb_text_4 et_pb_text et_pb_bg_layout_light et_pb_module et_block_module preset--module--divi-text--default\"><div class=\"et_pb_text_inner\"><p><a href=\"https:\/\/www.lacapsulerie.be\/contactez-nous\/\">https:\/\/www.lacapsulerie.be\/contactez-nous\/<\/a><\/p>\n<p>(La Capsulerie en Hannut - Reserva obligatoria)<\/p>\n<\/div><\/div>\n<\/div>\n<\/div>\n<\/div>\n\n<div class=\"et_pb_section_2 et_pb_section et_section_regular et_block_section\">\n<div class=\"et_pb_row_6 et_pb_row et_block_row preset--module--divi-row--5138c454-be54-4233-bd3b-f8e6a8747976\">\n<div class=\"et_pb_column_12 et_pb_column et_pb_column_1_2 et_block_column et_pb_css_mix_blend_mode_passthrough preset--module--divi-column--73121f80-a3ef-4484-8763-c3f18e3c56d2\">\n<div class=\"et_pb_heading_21 et_pb_heading et_pb_module et_block_module preset--module--divi-heading--default\"><div class=\"et_pb_heading_container\"><h2 class=\"et_pb_module_header\">Mant\u00e9ngase Informado<\/h2><\/div><\/div>\n\n<div class=\"et_pb_text_5 et_pb_text et_pb_bg_layout_light et_pb_module et_block_module preset--module--divi-text--0504de1e-f5ff-4281-ba60-cbbe4edf98bc\"><div class=\"et_pb_text_inner\"><p>Suscr\u00edbase a mi bolet\u00edn para recibir las \u00faltimas noticias sobre los pr\u00f3ximos conciertos y eventos.<\/p>\n<\/div><\/div>\n\n<div class=\"et_pb_signup_0 et_pb_signup et_pb_newsletter et_pb_subscribe et_pb_no_bg et_pb_newsletter_description_no_title et_pb_newsletter_description_no_content et_pb_bg_layout_dark et_pb_module et_flex_module preset--module--divi-signup--9eb953e9-ab90-4e8c-b6ac-9daa4b421b28\"><div class=\"et_pb_newsletter_description et_multi_view_hidden\"><\/div><div class=\"et_pb_newsletter_form\"><form method=\"post\" class=\"\"><div class=\"et_pb_newsletter_result et_pb_newsletter_error\"><\/div><div class=\"et_pb_newsletter_result et_pb_newsletter_success\"><h2>\u00a1\u00c9xito! \u00a1Su direcci\u00f3n de correo electr\u00f3nico se ha a\u00f1adido correctamente a mi lista! <\/h2><\/div><div class=\"et_pb_newsletter_fields et_flex_module\"><p class=\"et_pb_newsletter_field et_pb_contact_field_last et_pb_contact_field_last_tablet et_pb_contact_field_last_phone\"><label class=\"et_pb_contact_form_label\" for=\"et_pb_signup_firstname\" style=\"display: none;\">Nombre<\/label><input class=\"input\" id=\"et_pb_signup_firstname\" type=\"text\" placeholder=\"Nombre\" name=\"et_pb_signup_firstname\" \/><\/p><p class=\"et_pb_newsletter_field et_pb_contact_field_last et_pb_contact_field_last_tablet et_pb_contact_field_last_phone\"><label class=\"et_pb_contact_form_label\" for=\"et_pb_signup_lastname\" style=\"display: none;\">Apellidos<\/label><input class=\"input\" id=\"et_pb_signup_lastname\" type=\"text\" placeholder=\"Apellidos\" name=\"et_pb_signup_lastname\" \/><\/p><p class=\"et_pb_newsletter_field et_pb_contact_field_last et_pb_contact_field_last_tablet et_pb_contact_field_last_phone\"><label class=\"et_pb_contact_form_label\" for=\"et_pb_signup_email\" style=\"display: none;\">Correo Electr\u00f3nico<\/label><input class=\"input\" id=\"et_pb_signup_email\" type=\"text\" placeholder=\"Correo Electr\u00f3nico\" name=\"et_pb_signup_email\" \/><\/p><p class=\"et_pb_newsletter_button_wrap\"><a class=\"et_pb_button et_pb_newsletter_button\" href=\"#\"><span class=\"et_subscribe_loader\"><\/span><span class=\"et_pb_newsletter_button_text\">Suscribirse<\/span><\/a><\/p><\/div><input type=\"hidden\" name=\"et_pb_signup_provider\" value=\"mailerlite\" \/><input type=\"hidden\" name=\"et_pb_signup_list_id\" value=\"182489985802306915\" \/><input type=\"hidden\" name=\"et_pb_signup_account_name\" value=\"Gens inscrits\" \/><input type=\"hidden\" name=\"et_pb_signup_ip_address\" value=\"true\" \/><input type=\"hidden\" name=\"et_pb_signup_checksum\" value=\"507a5c594b346c2acd5a680c5fc9bfe5\" \/><\/form><\/div><\/div>\n<\/div>\n\n<div class=\"et_pb_column_13 et_pb_column et_pb_column_1_2 et-last-child et_block_column et_pb_css_mix_blend_mode_passthrough preset--module--divi-column--73121f80-a3ef-4484-8763-c3f18e3c56d2\">\n<div class=\"et_pb_heading_22 et_pb_heading et_pb_module et_block_module preset--module--divi-heading--8c21dae4-c59d-4c2b-958c-0e045c7f06d6\"><div class=\"et_pb_heading_container\"><h4 class=\"et_pb_module_header\">S\u00edgame en las redes sociales<\/h4><\/div><\/div>\n\n<ul class=\"et_pb_social_media_follow_0 et_pb_social_media_follow clearfix et_pb_bg_layout_light et_pb_module et_block_module preset--module--divi-social-media-follow--e9882b0e-291f-4df4-a33a-fa2ec5e42c4a\">\n<li class=\"et_pb_social_media_follow_network_0 et_pb_social_media_follow_network et_pb_social_icon et_pb_social_network_link et-social-facebook et_pb_module et_flex_module preset--module--divi-social-media-follow-network--7157d47b-1430-4c96-a27f-da782814b26a\"><a href=\"https:\/\/www.facebook.com\/renaudcrols\" class=\"icon\" target=\"_self\" title=\"Seguir en Facebook\" rel=\"noopener\"><span class=\"et_pb_social_media_follow_network_name\">Seguir<\/span><\/a><\/li>\n\n<li class=\"et_pb_social_media_follow_network_1 et_pb_social_media_follow_network et_pb_social_icon et_pb_social_network_link et-social-instagram et_pb_module et_flex_module\"><a href=\"https:\/\/www.instagram.com\/renaudcrols\/\" class=\"icon\" target=\"_self\" title=\"Seguir en Instagram\" rel=\"noopener\"><span class=\"et_pb_social_media_follow_network_name\">Seguir<\/span><\/a><\/li>\n<\/ul>\n<\/div>\n<\/div>\n<\/div>","protected":false},"excerpt":{"rendered":"","protected":false},"author":1,"featured_media":0,"parent":0,"menu_order":0,"comment_status":"closed","ping_status":"closed","template":"","meta":{"footnotes":""},"class_list":["post-598","page","type-page","status-publish","hentry"],"_links":{"self":[{"href":"https:\/\/www.renaudcrols.com\/es\/wp-json\/wp\/v2\/pages\/598","targetHints":{"allow":["GET"]}}],"collection":[{"href":"https:\/\/www.renaudcrols.com\/es\/wp-json\/wp\/v2\/pages"}],"about":[{"href":"https:\/\/www.renaudcrols.com\/es\/wp-json\/wp\/v2\/types\/page"}],"author":[{"embeddable":true,"href":"https:\/\/www.renaudcrols.com\/es\/wp-json\/wp\/v2\/users\/1"}],"replies":[{"embeddable":true,"href":"https:\/\/www.renaudcrols.com\/es\/wp-json\/wp\/v2\/comments?post=598"}],"version-history":[{"count":8,"href":"https:\/\/www.renaudcrols.com\/es\/wp-json\/wp\/v2\/pages\/598\/revisions"}],"predecessor-version":[{"id":1061,"href":"https:\/\/www.renaudcrols.com\/es\/wp-json\/wp\/v2\/pages\/598\/revisions\/1061"}],"wp:attachment":[{"href":"https:\/\/www.renaudcrols.com\/es\/wp-json\/wp\/v2\/media?parent=598"}],"curies":[{"name":"wp","href":"https:\/\/api.w.org\/{rel}","templated":true}]}}