{"id":612,"date":"2026-03-17T14:26:13","date_gmt":"2026-03-17T13:26:13","guid":{"rendered":"https:\/\/www.renaudcrols.com\/contacto\/"},"modified":"2026-04-02T11:20:51","modified_gmt":"2026-04-02T09:20:51","slug":"contacto","status":"publish","type":"page","link":"https:\/\/www.renaudcrols.com\/es\/contacto\/","title":{"rendered":"Contacto"},"content":{"rendered":"<div class=\"et_pb_section_0 et_pb_section et_section_regular et_block_section\">\n<div class=\"et_pb_row_0 et_pb_row et_block_row preset--module--divi-row--5138c454-be54-4233-bd3b-f8e6a8747976\">\n<div class=\"et_pb_column_0 et_pb_column et_pb_column_1_2 et_block_column et_pb_css_mix_blend_mode_passthrough preset--module--divi-column--c2f625f9-9ceb-49cd-b55b-91a31f8373ff\">\n<div class=\"et_pb_blurb_0 et_pb_blurb et_pb_bg_layout_light et_pb_text_align_center et_pb_blurb_position_top et_pb_module et_block_module ai_ignore_all preset--module--divi-blurb--212b201d-2c34-41bd-936c-851b7357d08b\"><div class=\"et_pb_blurb_content\"><div class=\"et_pb_main_blurb_image\"><span class=\"et_pb_image_wrap\"><span class=\"et-pb-icon et-waypoint et_pb_animation_off et_pb_animation_off_tablet et_pb_animation_off_phone\">\uf0e0<\/span><\/span><\/div><div class=\"et_pb_blurb_container\"><h4 class=\"et_pb_module_header\">Env\u00edeme un correo electr\u00f3nico a:<\/h4><\/div><\/div><\/div>\n\n<div class=\"et_pb_text_0 et_pb_text et_pb_bg_layout_light et_pb_module et_flex_module preset--module--divi-text--default\"><div class=\"et_pb_text_inner\"><p style=\"text-align: center;\"><a href=\"mailto:contact@renaudcrols.com\">contact@renaudcrols.com<\/a><\/p>\n<\/div><\/div>\n<\/div>\n\n<div class=\"et_pb_column_1 et_pb_column et_pb_column_1_2 et-last-child et_block_column et_pb_css_mix_blend_mode_passthrough preset--module--divi-column--c2f625f9-9ceb-49cd-b55b-91a31f8373ff\">\n<div class=\"et_pb_blurb_1 et_pb_blurb et_pb_bg_layout_light et_pb_text_align_center et_pb_blurb_position_top et_pb_module et_block_module ai_ignore_all preset--module--divi-blurb--212b201d-2c34-41bd-936c-851b7357d08b\"><div class=\"et_pb_blurb_content\"><div class=\"et_pb_main_blurb_image\"><span class=\"et_pb_image_wrap\"><span class=\"et-pb-icon et-waypoint et_pb_animation_off et_pb_animation_off_tablet et_pb_animation_off_phone\">\uf879<\/span><\/span><\/div><div class=\"et_pb_blurb_container\"><h4 class=\"et_pb_module_header\">O ll\u00e1meme al:<\/h4><\/div><\/div><\/div>\n\n<div class=\"et_pb_text_1 et_pb_text et_pb_bg_layout_light et_pb_module et_flex_module preset--module--divi-text--default\"><div class=\"et_pb_text_inner\" data-et-mv-hidden-phone=\"true\"><p style=\"text-align: center;\">+32 494 33 59 44<\/p>\n<\/div><\/div>\n<\/div>\n<\/div>\n<\/div>\n\n<div class=\"et_pb_section_1 et_pb_section et_section_regular et_block_section\">\n<div class=\"et_pb_row_1 et_pb_row et_block_row preset--module--divi-row--048d8e79-b07f-439b-bd57-f41c14f0a56b\">\n<div class=\"et_pb_column_2 et_pb_column et_pb_column_4_4 et-last-child et_block_column et_pb_css_mix_blend_mode_passthrough preset--module--divi-column--73121f80-a3ef-4484-8763-c3f18e3c56d2\">\n<div class=\"et_pb_heading_0 et_pb_heading et_pb_module et_block_module preset--module--divi-heading--default\"><div class=\"et_pb_heading_container\"><h2 class=\"et_pb_module_header\">Contacto<\/h2><\/div><\/div>\n\n<div class=\"et_pb_text_2 et_pb_text et_pb_bg_layout_light et_pb_module et_block_module et_pb_text_align_center preset--module--divi-text--default\"><div class=\"et_pb_text_inner\"><p>Para cualquier consulta sobre reservas, rellene el formulario de contacto a continuaci\u00f3n o utilice mis datos de contacto m\u00e1s abajo.<\/p>\n<\/div><\/div>\n\n<div class=\"et_pb_contact_form_0 et_pb_contact_form_container clearfix et_pb_module et_flex_module preset--module--divi-contact-form--347de7c5-8eec-4fb2-89ad-e07c220a4ead\" data-form_unique_num=\"0\" data-form_unique_id=\"c132094c-e69c-4080-b743-e73b2102c895\" id=\"et_pb_contact_form_c132094c-e69c-4080-b743-e73b2102c895\"><div class=\"et-pb-contact-message\"><\/div><div class=\"et_pb_contact\"><form class=\"et_pb_contact_form et_flex_module\" method=\"post\" action=\"https:\/\/www.renaudcrols.com\/es\/wp-json\/wp\/v2\/pages\/612\">\n<div class=\"et_pb_contact_field_0 et_pb_contact_field et_pb_module et_flex_module et_flex_column_24_24 et_flex_column_24_24_phone\" data-id=\"name\" data-type=\"input\"><label class=\"et_pb_contact_form_label\" for=\"et_pb_contact_0_name_0\">Nombre*<\/label><input type=\"text\" name=\"et_pb_contact_0_name_0\" id=\"et_pb_contact_0_name_0\" class=\"input\" data-required_mark=\"required\" data-field_type=\"input\" data-original_id=\"name\" placeholder=\"Nombre*\" title=\"\" value=\"\" \/><\/div>\n\n<div class=\"et_pb_contact_field_1 et_pb_contact_field et_pb_module et_flex_module et_flex_column_24_24 et_flex_column_24_24_phone\" data-id=\"email\" data-type=\"email\"><label class=\"et_pb_contact_form_label\" for=\"et_pb_contact_0_email_1\">Direcci\u00f3n de correo electr\u00f3nico*<\/label><input type=\"text\" name=\"et_pb_contact_0_email_1\" id=\"et_pb_contact_0_email_1\" class=\"input\" data-required_mark=\"required\" data-field_type=\"email\" data-original_id=\"email\" placeholder=\"Direcci\u00f3n de correo electr\u00f3nico*\" title=\"\" value=\"\" \/><\/div>\n\n<div class=\"et_pb_contact_field_2 et_pb_contact_field et_pb_module et_flex_module et_flex_column_24_24 et_flex_column_24_24_phone\" data-id=\"phone\" data-type=\"input\"><label class=\"et_pb_contact_form_label\" for=\"et_pb_contact_0_phone_2\">N\u00famero de tel\u00e9fono<\/label><input type=\"text\" name=\"et_pb_contact_0_phone_2\" id=\"et_pb_contact_0_phone_2\" class=\"input\" data-required_mark=\"not_required\" data-field_type=\"input\" data-original_id=\"phone\" placeholder=\"N\u00famero de tel\u00e9fono\" pattern=\".{10,}\" title=\"Longitud m\u00ednima: 10 caracteres. \" value=\"\" \/><\/div>\n\n<div class=\"et_pb_contact_field_3 et_pb_contact_field et_pb_module et_flex_module et_flex_column_24_24 et_flex_column_24_24_phone\" data-id=\"message\" data-type=\"text\"><label class=\"et_pb_contact_form_label\" for=\"et_pb_contact_0_message_3\">Mensaje*<\/label><textarea name=\"et_pb_contact_0_message_3\" id=\"et_pb_contact_0_message_3\" class=\"et_pb_contact_message input\" data-required_mark=\"required\" data-field_type=\"text\" data-original_id=\"message\" placeholder=\"Mensaje*\"><\/textarea><\/div>\n\n<div class=\"et_pb_text_3 et_pb_text et_pb_bg_layout_light et_pb_module et_flex_module preset--module--divi-text--default\"><div class=\"et_pb_text_inner\"><h5 class=\"et_pb_module_header\" data-et-vb-editable-element=\"true\" contenteditable=\"true\"><span style=\"font-size: small; font-family: 'Aref Ruqaa Ink'; font-weight: normal;\">*Campos obligatorios<\/span><\/h5>\n<\/div><\/div>\n<input type=\"hidden\" name=\"et_pb_contactform_submit_c132094c-e69c-4080-b743-e73b2102c895\" value=\"et_contact_proccess\" \/><div class=\"et_contact_bottom_container\"><div class=\"et_pb_contact_right et_pb_contact_field\"><p class=\"clearfix\"><span class=\"et_pb_contact_captcha_question\">10 + 11<\/span> = <input type=\"text\" size=\"2\" class=\"input et_pb_contact_captcha\" data-first_digit=\"10\" data-second_digit=\"11\" data-required_mark=\"required\" name=\"et_pb_contact_captcha_c132094c-e69c-4080-b743-e73b2102c895\" autocomplete=\"off\" \/><\/p><\/div><div class=\"et_pb_button_wrapper\"><button type=\"submit\" name=\"et_builder_submit_button\" class=\"et_pb_button et_pb_contact_submit\">Env\u00edo<\/button><\/div><\/div><input type=\"hidden\" id=\"_wpnonce-et-pb-contact-form-submitted-c132094c-e69c-4080-b743-e73b2102c895\" name=\"_wpnonce-et-pb-contact-form-submitted-c132094c-e69c-4080-b743-e73b2102c895\" value=\"7d44049c9c\" \/><input type=\"hidden\" name=\"_wp_http_referer\" value=\"\/es\/wp-json\/wp\/v2\/pages\/612\" \/><\/form><\/div><\/div>\n\n<div class=\"et_pb_text_4 et_pb_text et_pb_bg_layout_light et_pb_module et_block_module ai_ignore_all preset--module--divi-text--default\"><div class=\"et_pb_text_inner\"><p>Renaud Crols Music<\/p>\n<\/div><\/div>\n\n<ul class=\"et_pb_social_media_follow_0 et_pb_social_media_follow clearfix et_pb_bg_layout_light et_pb_text_align_center et_pb_module et_block_module preset--module--divi-social-media-follow--e9882b0e-291f-4df4-a33a-fa2ec5e42c4a\">\n<li class=\"et_pb_social_media_follow_network_0 et_pb_social_media_follow_network et_pb_social_icon et_pb_social_network_link et-social-facebook et_pb_module et_flex_module preset--module--divi-social-media-follow-network--7157d47b-1430-4c96-a27f-da782814b26a\"><a href=\"https:\/\/www.facebook.com\/renaudcrols\" class=\"icon\" target=\"_self\" title=\"Seguir en Follow Us On Facebook\" rel=\"noopener\"><span class=\"et_pb_social_media_follow_network_name\">Seguir<\/span><\/a><\/li>\n\n<li class=\"et_pb_social_media_follow_network_1 et_pb_social_media_follow_network et_pb_social_icon et_pb_social_network_link et-social-instagram et_pb_module et_flex_module preset--module--divi-social-media-follow-network--7157d47b-1430-4c96-a27f-da782814b26a\"><a href=\"https:\/\/www.instagram.com\/renaudcrols\/\" class=\"icon\" target=\"_self\" title=\"Seguir en See Our Latest On Instagram\" rel=\"noopener\"><span class=\"et_pb_social_media_follow_network_name\">Seguir<\/span><\/a><\/li>\n<\/ul>\n<\/div>\n<\/div>\n<\/div>\n\n<div class=\"et_pb_section_2 et_pb_section et_section_regular et_block_section\">\n<div class=\"et_pb_row_2 et_pb_row et_block_row preset--module--divi-row--5138c454-be54-4233-bd3b-f8e6a8747976\">\n<div class=\"et_pb_column_3 et_pb_column et_pb_column_4_4 et-last-child et_block_column et_pb_css_mix_blend_mode_passthrough preset--module--divi-column--73121f80-a3ef-4484-8763-c3f18e3c56d2\">\n<div class=\"et_pb_slider_0 et_pb_slider et_pb_slider_fullwidth_off et_pb_module et_block_module preset--module--divi-slider--a0d0e114-2915-4078-81e1-4574521ea79b\"><div class=\"et_pb_slides\">\n<div class=\"et_pb_slide_0 et_pb_slide et_pb_media_alignment_center et_pb_bg_layout_dark et_pb_text_align_center\" data-slide-id=\"divi\/slide-0\"><div class=\"et_pb_container\"><div class=\"et_pb_slider_container_inner\"><div class=\"et_pb_slide_description\"><div class=\"et_pb_slide_content\"><div class=\"deta_center\">\n<div class=\"review_title\">Gran momento<\/div>\n<div class=\"user_rating_boxxx default-rating-user\"><span><img decoding=\"async\" src=\"https:\/\/www.eventigo.eu\/lib\/img_small\/star-on.png\" alt=\"\"><\/span><span><img decoding=\"async\" src=\"https:\/\/www.eventigo.eu\/lib\/img_small\/star-on.png\" alt=\"\"><\/span><span><img decoding=\"async\" src=\"https:\/\/www.eventigo.eu\/lib\/img_small\/star-on.png\" alt=\"\"><\/span><span><img decoding=\"async\" src=\"https:\/\/www.eventigo.eu\/lib\/img_small\/star-on.png\" alt=\"\"><\/span><span><img decoding=\"async\" src=\"https:\/\/www.eventigo.eu\/lib\/img_small\/star-on.png\" alt=\"\"><\/span><span> <\/span><\/p>\n<div class=\"art-res\"><i class=\"fa fa-check-circle\" title=\"Verificado\" aria-hidden=\"true\"><\/i><\/div>\n<\/div>\n<div class=\"clear\"><\/div>\n<div class=\"review_user_co\">Profesional, puntual, cercano y aut\u00f3nomo, Renaud nos ofreci\u00f3 un c\u00f3ctel musical excepcional.<br \/>Repetiremos con gusto<\/div>\n<\/div>\n<div class=\"clear\"><\/div>\n<div class=\"signature_review\">Mathieu G - Boda en Parc et atelier d'artiste - 30 de septiembre de 2023<\/div>\n<\/div><\/div><\/div><\/div><\/div>\n\n<div class=\"et_pb_slide_1 et_pb_slide et_pb_media_alignment_center et_pb_bg_layout_dark et_pb_text_align_center\" data-slide-id=\"divi\/slide-1\"><div class=\"et_pb_container\"><div class=\"et_pb_slider_container_inner\"><div class=\"et_pb_slide_description\"><div class=\"et_pb_slide_content\"><div class=\"deta_center\">\n<div class=\"review_title\">Maravilloso<\/div>\n<div class=\"user_rating_boxxx default-rating-user\"><span><img decoding=\"async\" src=\"https:\/\/www.eventigo.eu\/lib\/img_small\/star-on.png\" alt=\"\"><\/span><span><img decoding=\"async\" src=\"https:\/\/www.eventigo.eu\/lib\/img_small\/star-on.png\" alt=\"\"><\/span><span><img decoding=\"async\" src=\"https:\/\/www.eventigo.eu\/lib\/img_small\/star-on.png\" alt=\"\"><\/span><span><img decoding=\"async\" src=\"https:\/\/www.eventigo.eu\/lib\/img_small\/star-on.png\" alt=\"\"><\/span><span><img decoding=\"async\" src=\"https:\/\/www.eventigo.eu\/lib\/img_small\/star-on.png\" alt=\"\"><\/span><span> <\/span><\/p>\n<div class=\"art-res\"><i class=\"fa fa-check-circle\" title=\"Verificado\" aria-hidden=\"true\"><\/i><\/div>\n<\/div>\n<div class=\"review_user_co\">Estuvimos muy contentos con la actuaci\u00f3n de Renaud. Es realmente amable y, adem\u00e1s, tiene un talento enorme. Toc\u00f3 todas las piezas divinamente, incluso las que no conoc\u00eda al principio. A los invitados tambi\u00e9n les encant\u00f3. Lo recomiendo sin dudarlo. Har\u00e1 de su ceremonia una joya. Es un verdadero profesional.      <\/div>\n<\/div>\n<div class=\"clear\"><\/div>\n<div class=\"signature_review\">Christopher D - Boda en Ch\u00e2teau de La Hulpe, Chauss\u00e9e de Bruxelles, La Hulpe, B\u00e9lgica - 03 de junio de 2023<\/div>\n<\/div><\/div><\/div><\/div><\/div>\n\n<div class=\"et_pb_slide_2 et_pb_slide et_pb_media_alignment_center et_pb_bg_layout_dark et_pb_text_align_center\" data-slide-id=\"divi\/slide-2\"><div class=\"et_pb_container\"><div class=\"et_pb_slider_container_inner\"><div class=\"et_pb_slide_description\"><div class=\"et_pb_slide_content\"><div class=\"deta_center\">\n<div class=\"review_title\">Actuaciones fabulosas y grandiosas<\/div>\n<div class=\"user_rating_boxxx default-rating-user\"><span><img decoding=\"async\" src=\"https:\/\/www.eventigo.eu\/lib\/img_small\/star-on.png\" alt=\"\"><\/span><span><img decoding=\"async\" src=\"https:\/\/www.eventigo.eu\/lib\/img_small\/star-on.png\" alt=\"\"><\/span><span><img decoding=\"async\" src=\"https:\/\/www.eventigo.eu\/lib\/img_small\/star-on.png\" alt=\"\"><\/span><span><img decoding=\"async\" src=\"https:\/\/www.eventigo.eu\/lib\/img_small\/star-on.png\" alt=\"\"><\/span><span><img decoding=\"async\" src=\"https:\/\/www.eventigo.eu\/lib\/img_small\/star-on.png\" alt=\"\"><\/span><span> <\/span><\/p>\n<div class=\"art-res\"><i class=\"fa fa-check-circle\" title=\"Verificado\" aria-hidden=\"true\"><\/i><\/div>\n<\/div>\n<div class=\"clear\"><\/div>\n<div class=\"review_user_co\">\u00a1\u00a1\u00a1Qu\u00e9 actuaci\u00f3n!!! Fue totalmente inesperado e incre\u00edblemente hermoso. Estuvo lleno de emoci\u00f3n y Renaud vivi\u00f3 las canciones de una manera incre\u00edble. Realmente, el d\u00eda fue soleado y animado gracias a las actuaciones de Renaud en nuestra ceremonia. \u00a1\u00a1\u00a1Much\u00edsimas GRACIAS!!!<\/div>\n<\/div>\n<div class=\"clear\"><\/div>\n<div class=\"signature_review\">Thierry D - Boda en Eglise Sainte-Anne, Rue de l'Eglise Sainte-Anne, Koekelberg, B\u00e9lgica - 03 de julio de 2022<\/div>\n<\/div><\/div><\/div><\/div><\/div>\n\n<div class=\"et_pb_slide_3 et_pb_slide et_pb_media_alignment_center et_pb_bg_layout_dark et_pb_text_align_center\" data-slide-id=\"divi\/slide-3\"><div class=\"et_pb_container\"><div class=\"et_pb_slider_container_inner\"><div class=\"et_pb_slide_description\"><div class=\"et_pb_slide_content\"><div class=\"deta_center\">\n<div class=\"review_title\">M\u00fasico de bodas<\/div>\n<div class=\"user_rating_boxxx default-rating-user\"><span><img decoding=\"async\" src=\"https:\/\/www.eventigo.eu\/lib\/img_small\/star-on.png\" alt=\"\"><\/span><span><img decoding=\"async\" src=\"https:\/\/www.eventigo.eu\/lib\/img_small\/star-on.png\" alt=\"\"><\/span><span><img decoding=\"async\" src=\"https:\/\/www.eventigo.eu\/lib\/img_small\/star-on.png\" alt=\"\"><\/span><span><img decoding=\"async\" src=\"https:\/\/www.eventigo.eu\/lib\/img_small\/star-on.png\" alt=\"\"><\/span><span><img decoding=\"async\" src=\"https:\/\/www.eventigo.eu\/lib\/img_small\/star-on.png\" alt=\"\"><\/span><span> <\/span><\/p>\n<div class=\"art-res\"><i class=\"fa fa-check-circle\" title=\"Verificado\" aria-hidden=\"true\"><\/i><\/div>\n<\/div>\n<div class=\"clear\"><\/div>\n<div class=\"review_user_co\">Renaud supo satisfacer nuestras expectativas.<br \/>Todos los invitados quedaron cautivados por su actuaci\u00f3n durante el c\u00f3ctel de nuestra boda.<br \/>\u00a1Muchas gracias, fue genial!<\/div>\n<\/div>\n<div class=\"clear\"><\/div>\n<div class=\"signature_review\">Laurine D - Boda en Ch\u00e2teau de Deulin, Rue du Ch\u00e2teau, Hotton, B\u00e9lgica - 19 de agosto de 2023<\/div>\n<\/div><\/div><\/div><\/div><\/div>\n<\/div><\/div>\n<\/div>\n<\/div>\n<\/div>","protected":false},"excerpt":{"rendered":"","protected":false},"author":1,"featured_media":0,"parent":0,"menu_order":0,"comment_status":"closed","ping_status":"closed","template":"","meta":{"footnotes":""},"class_list":["post-612","page","type-page","status-publish","hentry"],"_links":{"self":[{"href":"https:\/\/www.renaudcrols.com\/es\/wp-json\/wp\/v2\/pages\/612","targetHints":{"allow":["GET"]}}],"collection":[{"href":"https:\/\/www.renaudcrols.com\/es\/wp-json\/wp\/v2\/pages"}],"about":[{"href":"https:\/\/www.renaudcrols.com\/es\/wp-json\/wp\/v2\/types\/page"}],"author":[{"embeddable":true,"href":"https:\/\/www.renaudcrols.com\/es\/wp-json\/wp\/v2\/users\/1"}],"replies":[{"embeddable":true,"href":"https:\/\/www.renaudcrols.com\/es\/wp-json\/wp\/v2\/comments?post=612"}],"version-history":[{"count":6,"href":"https:\/\/www.renaudcrols.com\/es\/wp-json\/wp\/v2\/pages\/612\/revisions"}],"predecessor-version":[{"id":769,"href":"https:\/\/www.renaudcrols.com\/es\/wp-json\/wp\/v2\/pages\/612\/revisions\/769"}],"wp:attachment":[{"href":"https:\/\/www.renaudcrols.com\/es\/wp-json\/wp\/v2\/media?parent=612"}],"curies":[{"name":"wp","href":"https:\/\/api.w.org\/{rel}","templated":true}]}}