{"id":614,"date":"2026-03-17T14:26:13","date_gmt":"2026-03-17T13:26:13","guid":{"rendered":"https:\/\/www.renaudcrols.com\/biografia\/"},"modified":"2026-04-02T11:23:36","modified_gmt":"2026-04-02T09:23:36","slug":"biografia","status":"publish","type":"page","link":"https:\/\/www.renaudcrols.com\/es\/biografia\/","title":{"rendered":"Biograf\u00eda"},"content":{"rendered":"<div class=\"et_pb_section_0 et_pb_section et_section_regular et_block_section\">\n<div class=\"et_pb_row_0 et_pb_row et_block_row preset--module--divi-row--c9cfaba2-2263-4f35-8227-8d16ca8bd1cc\">\n<div class=\"et_pb_column_0 et_pb_column et_pb_column_4_4 et-last-child et_block_column et_pb_css_mix_blend_mode_passthrough\">\n<div class=\"et_pb_text_0 et_pb_text et_pb_bg_layout_light et_pb_module et_block_module et_pb_text_align_center preset--module--divi-text--default\"><div class=\"et_pb_text_inner\"><h2 style=\"text-align: center;\"><strong><span style=\"font-size: xx-large; font-family: 'Aref Ruqaa Ink';\">Biograf\u00eda de Renaud Crols<\/span><\/strong><\/h2>\n<p>&nbsp;<\/p>\n<p style=\"text-align: center;\">Renaud Crols es un m\u00fasico belga nacido el <strong>13 de julio de 1983 en Libramont<\/strong>, B\u00e9lgica.<\/p>\n<p>Violinista, pianista y cantante, desarroll\u00f3 muy pronto una pasi\u00f3n por la m\u00fasica y se distingue por una gran versatilidad, explorando tanto la m\u00fasica cl\u00e1sica como el jazz, el jazz manouche y numerosas m\u00fasicas del mundo.<\/p>\n<h2><strong><span style=\"font-family: 'Aref Ruqaa Ink'; font-size: xx-large;\">Infancia y formaci\u00f3n<\/span><\/strong><span style=\"font-size: small;\"><strong><span style=\"font-family: 'Aref Ruqaa Ink';\"><\/span><\/strong><\/span><\/h2>\n<p>Renaud Crols comenz\u00f3 a tocar el piano alrededor de los seis a\u00f1os, y el viol\u00edn alrededor de los nueve. Desde muy joven, mostr\u00f3 un marcado inter\u00e9s por la pr\u00e1ctica musical y sigui\u00f3 una s\u00f3lida formaci\u00f3n cl\u00e1sica. <\/p>\n<p>A la edad de diecisiete a\u00f1os, ingres\u00f3 en el <strong>Conservatorio Real de Lieja<\/strong>, donde obtuvo un primer premio de viol\u00edn, m\u00fasica de c\u00e1mara y solfeo. Durante sus estudios, ya se interes\u00f3 por la improvisaci\u00f3n y el jazz, lo que le llev\u00f3 progresivamente a ampliar su horizonte musical m\u00e1s all\u00e1 del repertorio cl\u00e1sico. <\/p>\n<p>&nbsp;<\/p>\n<p><strong><span style=\"font-family: 'Aref Ruqaa Ink'; font-size: xx-large;\">Establecimiento en Bruselas y descubrimiento de las m\u00fasicas del mundo<\/span><\/strong><\/p>\n<p>A los veinti\u00fan a\u00f1os, se traslada a Bruselas y comienza a viajar, especialmente a Ruman\u00eda. Estos viajes marcan un punto de inflexi\u00f3n en su trayectoria: descubre las m\u00fasicas tradicionales de Europa del Este y se interesa por numerosas m\u00fasicas del mundo. <\/p>\n<p>Actu\u00f3 con el c\u00e9lebre grupo de m\u00fasicos gitanos rumanos <strong>Taraf de Ha\u00efdouks<\/strong>, una experiencia determinante en su desarrollo art\u00edstico.<\/p>\n<p>A la edad de veinticuatro a\u00f1os, realiz\u00f3 una gira por Quebec con un grupo de danza, acompa\u00f1ado, entre otros, por el citarista belga Bert Cornelis y el maestro indio de tablas Partha Mukherjee. Esta colaboraci\u00f3n reforz\u00f3 su inter\u00e9s por las m\u00fasicas tradicionales y la improvisaci\u00f3n. <\/p>\n<h3><span style=\"font-size: xx-large;\"><strong><span style=\"font-family: 'Aref Ruqaa Ink';\"><\/span><\/strong><\/span><\/h3>\n<h3><span style=\"font-size: xx-large;\"><strong><span style=\"font-family: 'Aref Ruqaa Ink';\">Gira internacional con el espect\u00e1culo <em>Piti\u00e9<\/em> (2008\u20132009)<\/span><\/strong><\/span><\/h3>\n<p>Entre diciembre de 2008 y julio de 2009, Renaud Crols particip\u00f3 en la gira mundial del espect\u00e1culo <em>Piti\u00e9<\/em> del core\u00f3grafo belga Alain Platel.<\/p>\n<p>Actu\u00f3 junto a numerosos artistas de renombre, como Fabrizio Cassol, St\u00e9phane Galland, Michel Hatzigeorgiou y Magic Malik. La gira recorri\u00f3 varios pa\u00edses de Europa, as\u00ed como Jap\u00f3n y la Rep\u00fablica Democr\u00e1tica del Congo. El espect\u00e1culo fue posteriormente objeto de una pel\u00edcula emitida por Arte.  <\/p>\n<p>&nbsp;<\/p>\n<h3><strong><span style=\"font-family: 'Aref Ruqaa Ink'; font-size: xx-large;\">Les Violons de Bruxelles<\/span><\/strong><\/h3>\n<p>Con Renaud Dardenne, Tcha Limberger, Alexandre Tripodi y Sam Gerstmans, fund\u00f3 el grupo <strong>Les Violons de Bruxelles<\/strong>, una formaci\u00f3n inspirada en el jazz manouche y la m\u00fasica gitana.<\/p>\n<p>El primer \u00e1lbum del grupo fue grabado en marzo de 2012 y lanzado en septiembre del mismo a\u00f1o.<\/p>\n<p>En diciembre de 2012, viaj\u00f3 a la India, a Varanasi, donde estudi\u00f3 m\u00fasica india con un maestro de viol\u00edn indio, una experiencia que influy\u00f3 en su lenguaje musical.<\/p>\n<p>&nbsp;<\/p>\n<h3><span style=\"font-size: xx-large;\"><strong><span style=\"font-family: 'Aref Ruqaa Ink';\">Ense\u00f1anza y talleres<\/span><\/strong><\/span><\/h3>\n<p>Desde la d\u00e9cada de 2010, Renaud Crols ha impartido regularmente talleres de viol\u00edn, piano, jazz, jazz manouche y m\u00fasicas del mundo, especialmente en el marco de la AKDT en Valonia y los talleres relacionados con el Gaume Jazz Festival.<\/p>\n<p>&nbsp;<\/p>\n<h3><span style=\"font-size: xx-large;\"><strong><span style=\"font-family: 'Aref Ruqaa Ink';\">Colaboraciones internacionales (2016\u20132019)<\/span><\/strong><\/span><\/h3>\n<p>En enero de 2016, actu\u00f3 en concierto con el violinista h\u00fangaro Roby Lakatos y el guitarrista franc\u00e9s Bir\u00e9li Lagr\u00e8ne, al piano y al viol\u00edn.<\/p>\n<p>El mismo a\u00f1o, con Les Violons de Bruxelles, viaj\u00f3 a Northampton (Massachusetts, Estados Unidos) para participar en el festival <strong>Django in June<\/strong>, donde el grupo actu\u00f3 en concierto e imparti\u00f3 masterclasses.<\/p>\n<p>Tambi\u00e9n particip\u00f3 en numerosas grabaciones y proyectos musicales de estilos variados:<\/p>\n<ul>\n<li>jazz y swing (Reverent Juke)<\/li>\n<li>jazz manouche<\/li>\n<li>afro-jazz (Achille Ouattara)<\/li>\n<li>m\u00fasica balc\u00e1nica<\/li>\n<li>m\u00fasica cubana, brasile\u00f1a y griega<\/li>\n<li>m\u00fasica india (Nada Trio, Sitardust)<\/li>\n<li>rock, blues, folk y bluegrass<\/li>\n<\/ul>\n<p>El \u00e1lbum del grupo <strong>Sitardust<\/strong> fue lanzado en noviembre de 2016.<\/p>\n<p>En 2018, particip\u00f3 en el \u00e1lbum del bajista burkin\u00e9s Achille Ouattara, as\u00ed como en el del grupo Reverent Juke, muy activo en la escena europea de swing y lindy hop.<\/p>\n<p>En 2019, realiz\u00f3 una gira por once pa\u00edses africanos con el proyecto de Achille Ouattara y multiplic\u00f3 los conciertos en Europa con Reverent Juke.<\/p>\n<p>El mismo a\u00f1o, Les Violons de Bruxelles celebraron el lanzamiento de su segundo \u00e1lbum <strong>Barcelone<\/strong>, grabado en 2016, que fue clasificado entre los diez mejores \u00e1lbumes de jazz del a\u00f1o por <em>The Times<\/em>.<\/p>\n<h3 data-section-id=\"6o4wc7\" data-start=\"281\" data-end=\"351\"><span style=\"font-size: xx-large;\"><strong><span style=\"font-family: 'Aref Ruqaa Ink';\"><\/span><\/strong><\/span><\/h3>\n<h3 data-section-id=\"6o4wc7\" data-start=\"281\" data-end=\"351\"><span style=\"font-size: xx-large;\"><strong><span style=\"font-family: 'Aref Ruqaa Ink';\">Actividades desde 2019<\/span><\/strong><\/span><\/h3>\n<p data-start=\"353\" data-end=\"756\">Desde 2019, Renaud Crols ha mantenido una actividad art\u00edstica particularmente diversificada, actuando en numerosos conciertos, eventos privados y festivales en B\u00e9lgica y en el extranjero. Tambi\u00e9n se ha involucrado en varios proyectos relacionados con el teatro musical y la escena pluridisciplinar. Colabora, en particular, con el director y autor <span class=\"hover:entity-accent entity-underline inline cursor-pointer align-baseline\"><span class=\"whitespace-normal\">Laurent Wanson<\/span><\/span> en el espect\u00e1culo \"<span class=\"hover:entity-accent entity-underline inline cursor-pointer align-baseline\"><span class=\"whitespace-normal\">La Chute\"<\/span><\/span>, en el que participa como pianista.  <\/p>\n<p data-start=\"353\" data-end=\"756\">A finales de 2019, viaj\u00f3 a Montreal para grabar v\u00eddeos pedag\u00f3gicos para la DC School de Denis Chang y particip\u00f3 en el \u00e1lbum <em>More than you know<\/em> con Duved Dunayevski and the Transatlantic Five, junto a la cantante Tatiana Eva-Marie.<\/p>\n<p data-start=\"353\" data-end=\"756\">En 2021, con <em data-start=\"446\" data-end=\"472\">Les Violons de Bruxelles<\/em>, particip\u00f3 en la grabaci\u00f3n del tercer \u00e1lbum del grupo, titulado <em data-start=\"545\" data-end=\"568\">P\u00e9riple en la demeure<\/em>.<\/p>\n<p data-start=\"1093\" data-end=\"1401\">Entre 2022 y 2023, form\u00f3 parte del espect\u00e1culo <span class=\"hover:entity-accent entity-underline inline cursor-pointer align-baseline\"><span class=\"whitespace-normal\"><em>Moli\u00e8re, l\u2019Op\u00e9ra et les femmes<\/em><\/span><\/span>, junto a<br data-start=\"1193\" data-end=\"1196\"><span class=\"hover:entity-accent entity-underline inline cursor-pointer align-baseline\"><span class=\"whitespace-normal\">la actriz Carmela Giusto<\/span><\/span> y la cantante l\u00edrica <span class=\"hover:entity-accent entity-underline inline cursor-pointer align-baseline\"><span class=\"whitespace-normal\">Rita Mato Alves<\/span><\/span>, un proyecto que fusiona m\u00fasica, teatro y performance esc\u00e9nica, en el que intervino como pianista y violinista.<\/p>\n<p data-start=\"648\" data-end=\"936\">En 2023, realiz\u00f3 una gira por Sud\u00e1frica con el grupo <em data-start=\"714\" data-end=\"740\">Les Violons de Bruxelles<\/em>. Al a\u00f1o siguiente, en 2024, particip\u00f3 en una gira por Suecia con un cuarteto de jazz manouche compuesto por los guitarristas Adrien Taraga y Garry Nayah, as\u00ed como el contrabajista Victor Foulon. <\/p>\n<p data-start=\"938\" data-end=\"1220\">Paralelamente a su trabajo instrumental con el viol\u00edn y el piano, ha desarrollado cada vez m\u00e1s el canto, que integra regularmente en sus actuaciones, ampliando as\u00ed su paleta art\u00edstica y su repertorio, tanto en el jazz, la canci\u00f3n, como en las m\u00fasicas del mundo.<\/p>\n<p data-start=\"1222\" data-end=\"1720\">Tambi\u00e9n participa en la creaci\u00f3n y gira de la obra de teatro <em data-start=\"1287\" data-end=\"1305\">Les S\u0153urs Hilton<\/em>, escrita y dirigida por Val\u00e9rie Lesort y Christian Hecq, en la que desempe\u00f1a un papel particularmente completo, como pianista, violinista y actor. Este espect\u00e1culo ha tenido un gran \u00e9xito y ha dado lugar a una larga serie de representaciones, con casi un centenar de fechas desde su creaci\u00f3n, principalmente en Francia, lo que le ha permitido actuar en numerosos teatros y festivales. <\/p>\n<p data-start=\"1722\" data-end=\"2151\">Este per\u00edodo marca una evoluci\u00f3n importante en su trayectoria art\u00edstica, con una mayor presencia en los escenarios de teatro y espect\u00e1culos en vivo, mientras contin\u00faa con sus actividades como concertista. La integraci\u00f3n del canto, la actuaci\u00f3n y la m\u00fasica en formas esc\u00e9nicas h\u00edbridas demuestra su constante deseo de explorar nuevos territorios art\u00edsticos y de conectar las diferentes disciplinas del espect\u00e1culo. <\/p>\n<p data-start=\"1722\" data-end=\"2151\">En 2025, conoci\u00f3 al joven guitarrista franc\u00e9s Hugo Guezbar y al contrabajista Esteban Felix, con quienes actu\u00f3 en un concierto privado en un lugar emblem\u00e1tico de la ciudad de Florencia, junto a otros m\u00fasicos.<\/p>\n<p data-start=\"1722\" data-end=\"2151\">En enero de 2026, actu\u00f3 en Oslo junto al joven guitarrista noruego Gustav Skaaret. Este concierto, muy destacado, recibi\u00f3 una acogida particularmente c\u00e1lida del p\u00fablico y confirm\u00f3 el creciente inter\u00e9s de Renaud Crols por las colaboraciones internacionales y los encuentros musicales. <\/p>\n<p>Renaud Crols se distingue por una gran libertad musical y una capacidad para navegar entre estilos. Formado en m\u00fasica cl\u00e1sica pero profundamente influenciado por el jazz y las tradiciones populares, desarrolla un estilo expresivo e improvisado, nutrido por sus viajes y encuentros. <\/p>\n<p>Hoy en d\u00eda, contin\u00faa una activa carrera como m\u00fasico, int\u00e9rprete y pedagogo, actuando regularmente en conciertos y en numerosos eventos.<\/p>\n<\/div><\/div>\n<\/div>\n<\/div>\n<\/div>","protected":false},"excerpt":{"rendered":"","protected":false},"author":1,"featured_media":0,"parent":0,"menu_order":0,"comment_status":"closed","ping_status":"closed","template":"","meta":{"footnotes":""},"class_list":["post-614","page","type-page","status-publish","hentry"],"_links":{"self":[{"href":"https:\/\/www.renaudcrols.com\/es\/wp-json\/wp\/v2\/pages\/614","targetHints":{"allow":["GET"]}}],"collection":[{"href":"https:\/\/www.renaudcrols.com\/es\/wp-json\/wp\/v2\/pages"}],"about":[{"href":"https:\/\/www.renaudcrols.com\/es\/wp-json\/wp\/v2\/types\/page"}],"author":[{"embeddable":true,"href":"https:\/\/www.renaudcrols.com\/es\/wp-json\/wp\/v2\/users\/1"}],"replies":[{"embeddable":true,"href":"https:\/\/www.renaudcrols.com\/es\/wp-json\/wp\/v2\/comments?post=614"}],"version-history":[{"count":4,"href":"https:\/\/www.renaudcrols.com\/es\/wp-json\/wp\/v2\/pages\/614\/revisions"}],"predecessor-version":[{"id":855,"href":"https:\/\/www.renaudcrols.com\/es\/wp-json\/wp\/v2\/pages\/614\/revisions\/855"}],"wp:attachment":[{"href":"https:\/\/www.renaudcrols.com\/es\/wp-json\/wp\/v2\/media?parent=614"}],"curies":[{"name":"wp","href":"https:\/\/api.w.org\/{rel}","templated":true}]}}